{"id":2,"date":"2016-02-08T16:21:27","date_gmt":"2016-02-08T22:21:27","guid":{"rendered":"http:\/\/visosoftware.com\/portal\/?page_id=2"},"modified":"2016-02-19T00:14:33","modified_gmt":"2016-02-19T06:14:33","slug":"pagina-ejemplo","status":"publish","type":"page","link":"https:\/\/visosoftware.com\/portal\/pagina-ejemplo\/","title":{"rendered":"Con\u00f3cenos"},"content":{"rendered":"<p>Viso software es una empresa que se ha dedicado al desarrollo de soluciones inform\u00e1ticas, implementando sistema de administraci\u00f3n, control, o an\u00e1lisis hechos a medida.<\/p>\n<p>Iniciamos en el a\u00f1o 2010 presentando soluciones basadas en web. Al d\u00eda de hoy, contamos con soluciones integrales servidores, equipo de c\u00f3mputo, programas y redes.<\/p>\n","protected":false},"excerpt":{"rendered":"<p>Viso software es una empresa que se ha dedicado al desarrollo de soluciones inform\u00e1ticas, implementando sistema de administraci\u00f3n, control, o an\u00e1lisis hechos a medida. Iniciamos en el a\u00f1o 2010 presentando soluciones basadas en web. Al<a class=\"read-more\" href=\"https:\/\/visosoftware.com\/portal\/pagina-ejemplo\/\">Continue reading<\/a><\/p>\n","protected":false},"author":1,"featured_media":0,"parent":0,"menu_order":1,"comment_status":"closed","ping_status":"open","template":"","meta":{"footnotes":""},"class_list":["post-2","page","type-page","status-publish","hentry"],"_links":{"self":[{"href":"https:\/\/visosoftware.com\/portal\/wp-json\/wp\/v2\/pages\/2","targetHints":{"allow":["GET"]}}],"collection":[{"href":"https:\/\/visosoftware.com\/portal\/wp-json\/wp\/v2\/pages"}],"about":[{"href":"https:\/\/visosoftware.com\/portal\/wp-json\/wp\/v2\/types\/page"}],"author":[{"embeddable":true,"href":"https:\/\/visosoftware.com\/portal\/wp-json\/wp\/v2\/users\/1"}],"replies":[{"embeddable":true,"href":"https:\/\/visosoftware.com\/portal\/wp-json\/wp\/v2\/comments?post=2"}],"version-history":[{"count":3,"href":"https:\/\/visosoftware.com\/portal\/wp-json\/wp\/v2\/pages\/2\/revisions"}],"predecessor-version":[{"id":34,"href":"https:\/\/visosoftware.com\/portal\/wp-json\/wp\/v2\/pages\/2\/revisions\/34"}],"wp:attachment":[{"href":"https:\/\/visosoftware.com\/portal\/wp-json\/wp\/v2\/media?parent=2"}],"curies":[{"name":"wp","href":"https:\/\/api.w.org\/{rel}","templated":true}]}}