{"id":5,"date":"2016-02-09T00:14:03","date_gmt":"2016-02-09T06:14:03","guid":{"rendered":"http:\/\/visosoftware.com\/portal\/?page_id=5"},"modified":"2016-02-24T14:06:18","modified_gmt":"2016-02-24T20:06:18","slug":"como-trabajamos","status":"publish","type":"page","link":"https:\/\/visosoftware.com\/portal\/como-trabajamos\/","title":{"rendered":"Como trabajamos"},"content":{"rendered":"<p>En viso software tomamos cada proyecto de una forma integral, y nos vemos como si fu\u00e9ramos el cliente y buscamos m\u00e1s que el cumplir los requerimientos que el software que dise\u00f1amos y arquitectamos le sea \u00fatil al cliente.<\/p>\n<ul>\n<li>Iniciamos con una lista de objetivos para el sistema de gesti\u00f3n de informaci\u00f3n.<\/li>\n<li>Un documento de requerimientos donde describa los pasos para llevar a cabo los objetivos el cual lo llevamos de la mano con nuestra experiencia.<\/li>\n<li>Presentamos un diagrama caso de uso, para encontrar todos los actores dentro del sistema de informaci\u00f3n y que ver\u00e1n ellos dentro de sus pantallas para el sistema.<\/li>\n<li>Se presenta una propuesta de bocetos sin colore simulando la interface de usuarios para generar la idea de la usabilidad del sistema.<\/li>\n<li>A mediados del proyecto ya podremos ver avances real\u00a0del sistema a los actores para sus prueba aisladas, esto ayuda ya que si existieron algunas omisiones en la definici\u00f3n en este proceso surgen y se realizan los cambios necesarios para que el sistema cumpla con los objetivos y las necesidades de los actores.<\/li>\n<li>Por ultimo tenemos la entrega donde se capacita (aunque estas son muy breves ya que siempre fuimos de la mano con los actores en el desarrollo) y revisan detalles finales.<\/li>\n<\/ul>\n","protected":false},"excerpt":{"rendered":"<p>En viso software tomamos cada proyecto de una forma integral, y nos vemos como si fu\u00e9ramos el cliente y buscamos m\u00e1s que el cumplir los requerimientos que el software que dise\u00f1amos y arquitectamos le sea<a class=\"read-more\" href=\"https:\/\/visosoftware.com\/portal\/como-trabajamos\/\">Continue reading<\/a><\/p>\n","protected":false},"author":1,"featured_media":0,"parent":0,"menu_order":2,"comment_status":"closed","ping_status":"closed","template":"","meta":{"footnotes":""},"class_list":["post-5","page","type-page","status-publish","hentry"],"_links":{"self":[{"href":"https:\/\/visosoftware.com\/portal\/wp-json\/wp\/v2\/pages\/5","targetHints":{"allow":["GET"]}}],"collection":[{"href":"https:\/\/visosoftware.com\/portal\/wp-json\/wp\/v2\/pages"}],"about":[{"href":"https:\/\/visosoftware.com\/portal\/wp-json\/wp\/v2\/types\/page"}],"author":[{"embeddable":true,"href":"https:\/\/visosoftware.com\/portal\/wp-json\/wp\/v2\/users\/1"}],"replies":[{"embeddable":true,"href":"https:\/\/visosoftware.com\/portal\/wp-json\/wp\/v2\/comments?post=5"}],"version-history":[{"count":5,"href":"https:\/\/visosoftware.com\/portal\/wp-json\/wp\/v2\/pages\/5\/revisions"}],"predecessor-version":[{"id":40,"href":"https:\/\/visosoftware.com\/portal\/wp-json\/wp\/v2\/pages\/5\/revisions\/40"}],"wp:attachment":[{"href":"https:\/\/visosoftware.com\/portal\/wp-json\/wp\/v2\/media?parent=5"}],"curies":[{"name":"wp","href":"https:\/\/api.w.org\/{rel}","templated":true}]}}